{"id":183,"date":"2018-08-07T15:41:56","date_gmt":"2018-08-07T06:41:56","guid":{"rendered":"https:\/\/www.mie-c.ed.jp\/ssugin\/?page_id=183"},"modified":"2025-01-08T13:10:50","modified_gmt":"2025-01-08T04:10:50","slug":"teisi","status":"publish","type":"page","link":"https:\/\/www.mie-c.ed.jp\/ssugin\/download\/teisi\/","title":{"rendered":"\u4fdd\u5065\u95a2\u4fc2\u66f8\u985e"},"content":{"rendered":"<h2>\u5b66\u6821\u611f\u67d3\u75c7\u306b\u3088\u308b\u51fa\u5e2d\u505c\u6b62\u306b\u3064\u3044\u3066<\/h2>\n<ul>\n<li><a href=\"https:\/\/www.mie-c.ed.jp\/ssugin\/wp-content\/uploads\/2023\/05\/5699cb7f2f612e2f607c14debb5e11ec.pdf\">\u3053\u3061\u3089<\/a><\/li>\n<\/ul>\n<h2><span style=\"font-size: 18pt;\">\u51fa\u5e2d\u505c\u6b62\u5831\u544a\u66f8<\/span><\/h2>\n<ul>\n<li>PDF\u5f62\u5f0f\u306f<a href=\"https:\/\/www.mie-c.ed.jp\/ssugin\/wp-content\/uploads\/2023\/05\/c14487c06bfa67bceb459b45fbdbc055.pdf\">\u3053\u3061\u3089<\/a><\/li>\n<li>Word\u5f62\u5f0f\u306f<a href=\"https:\/\/www.mie-c.ed.jp\/ssugin\/wp-content\/uploads\/2023\/05\/0abf2e942f75e709cc42df89295a0b57.docx\">\u3053\u3061\u3089<\/a><\/li>\n<li><a href=\"https:\/\/www.mie-c.ed.jp\/ssugin\/wp-content\/uploads\/2025\/01\/2da64041a60060a8f20c0c426f5ba7de.pdf\">Informe de suspensi\u00f3n de asistencia<\/a><\/li>\n<li><a href=\"https:\/\/www.mie-c.ed.jp\/ssugin\/wp-content\/uploads\/2025\/01\/af286b1948875e0cdaa140ff6368c490.pdf\">Relat\u00f3rio de Suspens\u00e3o de Freq\u00fc\u00eancia<\/a><\/li>\n<\/ul>\n<h2>\u81e8\u6642\u85ac\u4f9d\u983c\u8868<\/h2>\n<ul>\n<li>PDF\u5f62\u5f0f\u306f<a href=\"https:\/\/www.mie-c.ed.jp\/ssugin\/wp-content\/uploads\/2023\/01\/e66e7c8670026cd4f6e868374268153b.pdf\">\u3053\u3061\u3089<\/a><\/li>\n<li>Excel\u5f62\u5f0f\u306f<a href=\"https:\/\/www.mie-c.ed.jp\/ssugin\/wp-content\/uploads\/2023\/01\/e66e7c8670026cd4f6e868374268153b.xls\">\u3053\u3061\u3089<\/a><\/li>\n<\/ul>\n<div class=\"veu_socialSet veu_socialSet-position-after veu_contentAddSection\"><script>window.twttr=(function(d,s,id){var js,fjs=d.getElementsByTagName(s)[0],t=window.twttr||{};if(d.getElementById(id))return t;js=d.createElement(s);js.id=id;js.src=\"https:\/\/platform.twitter.com\/widgets.js\";fjs.parentNode.insertBefore(js,fjs);t._e=[];t.ready=function(f){t._e.push(f);};return t;}(document,\"script\",\"twitter-wjs\"));<\/script><ul><li class=\"sb_copy sb_icon\"><button class=\"copy-button sb_icon_inner\"data-clipboard-text=\"\u4e09\u91cd\u770c\u7acb\u6749\u306e\u5b50\u7279\u5225\u652f\u63f4\u5b66\u6821 https:\/\/www.mie-c.ed.jp\/ssugin\/download\/teisi\/\"><span class=\"vk_icon_w_r_sns_copy icon_sns\"><i class=\"fas fa-copy\"><\/i><\/span><span class=\"sns_txt\">Copy<\/span><\/button><\/li><\/ul><\/div><!-- [ \/.socialSet ] -->","protected":false},"excerpt":{"rendered":"<p>\u5b66\u6821\u611f\u67d3\u75c7\u306b\u3088\u308b\u51fa\u5e2d\u505c\u6b62\u306b\u3064\u3044\u3066 \u3053\u3061\u3089 \u51fa\u5e2d\u505c\u6b62\u5831\u544a\u66f8 PDF\u5f62\u5f0f\u306f\u3053\u3061\u3089 Word\u5f62\u5f0f\u306f\u3053\u3061\u3089 Informe de suspensi\u00f3n de asistencia Relat\u00f3rio de Suspens\u00e3o d [&hellip;]<\/p>\n","protected":false},"author":1,"featured_media":0,"parent":181,"menu_order":0,"comment_status":"closed","ping_status":"closed","template":"","meta":{"footnotes":""},"_links":{"self":[{"href":"https:\/\/www.mie-c.ed.jp\/ssugin\/wp-json\/wp\/v2\/pages\/183"}],"collection":[{"href":"https:\/\/www.mie-c.ed.jp\/ssugin\/wp-json\/wp\/v2\/pages"}],"about":[{"href":"https:\/\/www.mie-c.ed.jp\/ssugin\/wp-json\/wp\/v2\/types\/page"}],"author":[{"embeddable":true,"href":"https:\/\/www.mie-c.ed.jp\/ssugin\/wp-json\/wp\/v2\/users\/1"}],"replies":[{"embeddable":true,"href":"https:\/\/www.mie-c.ed.jp\/ssugin\/wp-json\/wp\/v2\/comments?post=183"}],"version-history":[{"count":16,"href":"https:\/\/www.mie-c.ed.jp\/ssugin\/wp-json\/wp\/v2\/pages\/183\/revisions"}],"predecessor-version":[{"id":5175,"href":"https:\/\/www.mie-c.ed.jp\/ssugin\/wp-json\/wp\/v2\/pages\/183\/revisions\/5175"}],"up":[{"embeddable":true,"href":"https:\/\/www.mie-c.ed.jp\/ssugin\/wp-json\/wp\/v2\/pages\/181"}],"wp:attachment":[{"href":"https:\/\/www.mie-c.ed.jp\/ssugin\/wp-json\/wp\/v2\/media?parent=183"}],"curies":[{"name":"wp","href":"https:\/\/api.w.org\/{rel}","templated":true}]}}