{"id":12264,"date":"2023-08-02T13:16:57","date_gmt":"2023-08-02T04:16:57","guid":{"rendered":"https:\/\/www.mie-c.ed.jp\/hiino\/?page_id=12264"},"modified":"2025-10-17T10:59:42","modified_gmt":"2025-10-17T01:59:42","slug":"aki","status":"publish","type":"page","link":"https:\/\/www.mie-c.ed.jp\/hiino\/pt\/student\/aki","title":{"rendered":"(\u65e5\u672c\u8a9e) \u4ee4\u548c\uff17\u5e74\u5ea6\u30aa\u30fc\u30d7\u30f3\u30b9\u30af\u30fc\u30eb \uff1d\u79cb\uff1d\uff08\u6388\u696d\u516c\u958b\uff09  \u306e\u3054\u6848\u5185 \uff08\u7d42\u4e86\u3057\u307e\u3057\u305f\uff09"},"content":{"rendered":"<p class=\"qtranxs-available-languages-message qtranxs-available-languages-message-pt\">Desculpe, este conte\u00fado s\u00f3 est\u00e1 dispon\u00edvel em <a href=\"https:\/\/www.mie-c.ed.jp\/hiino\/ja\/wp-json\/wp\/v2\/pages\/12264\" class=\"qtranxs-available-language-link qtranxs-available-language-link-ja\" title=\"\u65e5\u672c\u8a9e\">\u65e5\u672c\u8a9e<\/a>.<\/p>","protected":false},"excerpt":{"rendered":"<p>Desculpe, este conte\u00fado s\u00f3 est\u00e1 dispon\u00edvel em \u65e5\u672c\u8a9e.<\/p>\n","protected":false},"author":11,"featured_media":0,"parent":125,"menu_order":0,"comment_status":"closed","ping_status":"closed","template":"","meta":{"footnotes":""},"class_list":["post-12264","page","type-page","status-publish","hentry"],"acf":[],"jetpack_sharing_enabled":true,"_links":{"self":[{"href":"https:\/\/www.mie-c.ed.jp\/hiino\/pt\/wp-json\/wp\/v2\/pages\/12264"}],"collection":[{"href":"https:\/\/www.mie-c.ed.jp\/hiino\/pt\/wp-json\/wp\/v2\/pages"}],"about":[{"href":"https:\/\/www.mie-c.ed.jp\/hiino\/pt\/wp-json\/wp\/v2\/types\/page"}],"author":[{"embeddable":true,"href":"https:\/\/www.mie-c.ed.jp\/hiino\/pt\/wp-json\/wp\/v2\/users\/11"}],"replies":[{"embeddable":true,"href":"https:\/\/www.mie-c.ed.jp\/hiino\/pt\/wp-json\/wp\/v2\/comments?post=12264"}],"version-history":[{"count":20,"href":"https:\/\/www.mie-c.ed.jp\/hiino\/pt\/wp-json\/wp\/v2\/pages\/12264\/revisions"}],"predecessor-version":[{"id":26051,"href":"https:\/\/www.mie-c.ed.jp\/hiino\/pt\/wp-json\/wp\/v2\/pages\/12264\/revisions\/26051"}],"up":[{"embeddable":true,"href":"https:\/\/www.mie-c.ed.jp\/hiino\/pt\/wp-json\/wp\/v2\/pages\/125"}],"wp:attachment":[{"href":"https:\/\/www.mie-c.ed.jp\/hiino\/pt\/wp-json\/wp\/v2\/media?parent=12264"}],"curies":[{"name":"wp","href":"https:\/\/api.w.org\/{rel}","templated":true}]}}