{"id":8929,"date":"2022-09-29T11:59:52","date_gmt":"2022-09-29T02:59:52","guid":{"rendered":"https:\/\/www.mie-c.ed.jp\/hiino\/?page_id=8929"},"modified":"2023-02-15T14:47:55","modified_gmt":"2023-02-15T05:47:55","slug":"%e5%ad%a6%e6%a0%a1%e7%b4%b9%e4%bb%8b%e5%8b%95%e7%94%bb","status":"publish","type":"page","link":"https:\/\/www.mie-c.ed.jp\/hiino\/pt\/%e5%ad%a6%e6%a0%a1%e7%b4%b9%e4%bb%8b%e5%8b%95%e7%94%bb","title":{"rendered":"(\u65e5\u672c\u8a9e) \u5b66\u6821\u7d39\u4ecb\u52d5\u753b"},"content":{"rendered":"<p class=\"qtranxs-available-languages-message qtranxs-available-languages-message-pt\">Desculpe, este conte\u00fado s\u00f3 est\u00e1 dispon\u00edvel em <a href=\"https:\/\/www.mie-c.ed.jp\/hiino\/ja\/wp-json\/wp\/v2\/pages\/8929\" class=\"qtranxs-available-language-link qtranxs-available-language-link-ja\" title=\"\u65e5\u672c\u8a9e\">\u65e5\u672c\u8a9e<\/a>.<\/p>","protected":false},"excerpt":{"rendered":"<p>Desculpe, este conte\u00fado s\u00f3 est\u00e1 dispon\u00edvel em \u65e5\u672c\u8a9e.<\/p>\n","protected":false},"author":11,"featured_media":0,"parent":0,"menu_order":0,"comment_status":"closed","ping_status":"closed","template":"page-second.php","meta":{"footnotes":""},"class_list":["post-8929","page","type-page","status-publish","hentry"],"acf":[],"jetpack_sharing_enabled":true,"_links":{"self":[{"href":"https:\/\/www.mie-c.ed.jp\/hiino\/pt\/wp-json\/wp\/v2\/pages\/8929"}],"collection":[{"href":"https:\/\/www.mie-c.ed.jp\/hiino\/pt\/wp-json\/wp\/v2\/pages"}],"about":[{"href":"https:\/\/www.mie-c.ed.jp\/hiino\/pt\/wp-json\/wp\/v2\/types\/page"}],"author":[{"embeddable":true,"href":"https:\/\/www.mie-c.ed.jp\/hiino\/pt\/wp-json\/wp\/v2\/users\/11"}],"replies":[{"embeddable":true,"href":"https:\/\/www.mie-c.ed.jp\/hiino\/pt\/wp-json\/wp\/v2\/comments?post=8929"}],"version-history":[{"count":31,"href":"https:\/\/www.mie-c.ed.jp\/hiino\/pt\/wp-json\/wp\/v2\/pages\/8929\/revisions"}],"predecessor-version":[{"id":9243,"href":"https:\/\/www.mie-c.ed.jp\/hiino\/pt\/wp-json\/wp\/v2\/pages\/8929\/revisions\/9243"}],"wp:attachment":[{"href":"https:\/\/www.mie-c.ed.jp\/hiino\/pt\/wp-json\/wp\/v2\/media?parent=8929"}],"curies":[{"name":"wp","href":"https:\/\/api.w.org\/{rel}","templated":true}]}}