{"id":61,"date":"2016-12-20T13:57:10","date_gmt":"2016-12-20T04:57:10","guid":{"rendered":"https:\/\/www.mie-c.ed.jp\/hiino\/?page_id=61"},"modified":"2026-01-21T15:52:45","modified_gmt":"2026-01-21T06:52:45","slug":"event","status":"publish","type":"page","link":"https:\/\/www.mie-c.ed.jp\/hiino\/pt\/guide\/event","title":{"rendered":"\u5b66\u6821\u884c\u4e8b"},"content":{"rendered":"<p class=\"qtranxs-available-languages-message qtranxs-available-languages-message-pt\">Desculpe, este conte\u00fado s\u00f3 est\u00e1 dispon\u00edvel em <a href=\"https:\/\/www.mie-c.ed.jp\/hiino\/ja\/wp-json\/wp\/v2\/pages\/61\" class=\"qtranxs-available-language-link qtranxs-available-language-link-ja\" title=\"\u65e5\u672c\u8a9e\">\u65e5\u672c\u8a9e<\/a>.<\/p>","protected":false},"excerpt":{"rendered":"<p>Desculpe, este conte\u00fado s\u00f3 est\u00e1 dispon\u00edvel em \u65e5\u672c\u8a9e.<\/p>\n","protected":false},"author":1,"featured_media":0,"parent":15,"menu_order":10,"comment_status":"closed","ping_status":"closed","template":"","meta":{"footnotes":""},"class_list":["post-61","page","type-page","status-publish","hentry"],"acf":[],"jetpack_sharing_enabled":true,"_links":{"self":[{"href":"https:\/\/www.mie-c.ed.jp\/hiino\/pt\/wp-json\/wp\/v2\/pages\/61"}],"collection":[{"href":"https:\/\/www.mie-c.ed.jp\/hiino\/pt\/wp-json\/wp\/v2\/pages"}],"about":[{"href":"https:\/\/www.mie-c.ed.jp\/hiino\/pt\/wp-json\/wp\/v2\/types\/page"}],"author":[{"embeddable":true,"href":"https:\/\/www.mie-c.ed.jp\/hiino\/pt\/wp-json\/wp\/v2\/users\/1"}],"replies":[{"embeddable":true,"href":"https:\/\/www.mie-c.ed.jp\/hiino\/pt\/wp-json\/wp\/v2\/comments?post=61"}],"version-history":[{"count":56,"href":"https:\/\/www.mie-c.ed.jp\/hiino\/pt\/wp-json\/wp\/v2\/pages\/61\/revisions"}],"predecessor-version":[{"id":26331,"href":"https:\/\/www.mie-c.ed.jp\/hiino\/pt\/wp-json\/wp\/v2\/pages\/61\/revisions\/26331"}],"up":[{"embeddable":true,"href":"https:\/\/www.mie-c.ed.jp\/hiino\/pt\/wp-json\/wp\/v2\/pages\/15"}],"wp:attachment":[{"href":"https:\/\/www.mie-c.ed.jp\/hiino\/pt\/wp-json\/wp\/v2\/media?parent=61"}],"curies":[{"name":"wp","href":"https:\/\/api.w.org\/{rel}","templated":true}]}}