{"id":19,"date":"2016-12-20T13:27:44","date_gmt":"2016-12-20T04:27:44","guid":{"rendered":"https:\/\/www.mie-c.ed.jp\/hiino\/?page_id=19"},"modified":"2025-05-23T14:38:17","modified_gmt":"2025-05-23T05:38:17","slug":"message","status":"publish","type":"page","link":"https:\/\/www.mie-c.ed.jp\/hiino\/pt\/guide\/message","title":{"rendered":"\u5b66\u6821\u9577\u3088\u308a"},"content":{"rendered":"<p class=\"qtranxs-available-languages-message qtranxs-available-languages-message-pt\">Desculpe, este conte\u00fado s\u00f3 est\u00e1 dispon\u00edvel em <a href=\"https:\/\/www.mie-c.ed.jp\/hiino\/ja\/wp-json\/wp\/v2\/pages\/19\" class=\"qtranxs-available-language-link qtranxs-available-language-link-ja\" title=\"\u65e5\u672c\u8a9e\">\u65e5\u672c\u8a9e<\/a>.<\/p>","protected":false},"excerpt":{"rendered":"<p>Desculpe, este conte\u00fado s\u00f3 est\u00e1 dispon\u00edvel em \u65e5\u672c\u8a9e.<\/p>\n","protected":false},"author":1,"featured_media":0,"parent":15,"menu_order":0,"comment_status":"closed","ping_status":"closed","template":"","meta":{"footnotes":""},"class_list":["post-19","page","type-page","status-publish","hentry"],"acf":[],"jetpack_sharing_enabled":true,"_links":{"self":[{"href":"https:\/\/www.mie-c.ed.jp\/hiino\/pt\/wp-json\/wp\/v2\/pages\/19"}],"collection":[{"href":"https:\/\/www.mie-c.ed.jp\/hiino\/pt\/wp-json\/wp\/v2\/pages"}],"about":[{"href":"https:\/\/www.mie-c.ed.jp\/hiino\/pt\/wp-json\/wp\/v2\/types\/page"}],"author":[{"embeddable":true,"href":"https:\/\/www.mie-c.ed.jp\/hiino\/pt\/wp-json\/wp\/v2\/users\/1"}],"replies":[{"embeddable":true,"href":"https:\/\/www.mie-c.ed.jp\/hiino\/pt\/wp-json\/wp\/v2\/comments?post=19"}],"version-history":[{"count":11,"href":"https:\/\/www.mie-c.ed.jp\/hiino\/pt\/wp-json\/wp\/v2\/pages\/19\/revisions"}],"predecessor-version":[{"id":21960,"href":"https:\/\/www.mie-c.ed.jp\/hiino\/pt\/wp-json\/wp\/v2\/pages\/19\/revisions\/21960"}],"up":[{"embeddable":true,"href":"https:\/\/www.mie-c.ed.jp\/hiino\/pt\/wp-json\/wp\/v2\/pages\/15"}],"wp:attachment":[{"href":"https:\/\/www.mie-c.ed.jp\/hiino\/pt\/wp-json\/wp\/v2\/media?parent=19"}],"curies":[{"name":"wp","href":"https:\/\/api.w.org\/{rel}","templated":true}]}}