{"id":166,"date":"2016-12-22T14:37:52","date_gmt":"2016-12-22T05:37:52","guid":{"rendered":"https:\/\/www.mie-c.ed.jp\/hiino\/?page_id=166"},"modified":"2024-08-26T11:21:19","modified_gmt":"2024-08-26T02:21:19","slug":"taihu","status":"publish","type":"page","link":"https:\/\/www.mie-c.ed.jp\/hiino\/pt\/current\/taihu","title":{"rendered":"Escola de dia\uff1aProcedimento no ato de taifu(\u53f0\u98a8TAIFUU) e calamidade de urg\u00eancia"},"content":{"rendered":"<p><\/p>\n<h2>na hora de taifu e anormalidade para vir e voltar na escola. &lt;&lt;Utiliza\u00e7\u00e3o de on-line&gt;&gt;<\/h2>\n<p>\u203bA cidade de Suzuka, est\u00e1 situada na \u300cRegi\u00e3o norte de Mie\uff08\u4e09\u91cd\u770c\u5317\u90e8 MIEKEN-HOKUBU\uff09\u300dquando h\u00e1 divuga\u00e7\u00e3o de alarme, aten\u00e7\u00e3o de alerta e previs\u00e3o meteorol\u00f3gica da regi\u00e3o.<\/p>\n<p>(1)No caso de divulga\u00e7\u00e3o de alerta de ventania\uff08\u66b4\u98a8\u8b66\u5831 BOUFUU-KEIHOU\uff09 na cidade de Suzuka ou na cidade onde residem,<\/p>\n<p style=\"padding-left: 30px;\">\u2460No caso de estiver divulgado alerta de ventania antes do in\u00edcio de aula, n\u00e3o vir a escola e esperar em casa.<\/p>\n<p style=\"padding-left: 30px;\">\u2461 quando houver a libera\u00e7\u00e3o de ventania , confirmar a seguran\u00e7a para vir a escols.<\/p>\n<p style=\"padding-left: 60px;\">a)Caso de libera\u00e7\u00e3o de alerta ap\u00f3s11 horas da manh\u00e3, ser\u00e1 feita as aulas normais ap\u00f3s 2 horas p\u00f3s libera\u00e7\u00e3o.<\/p>\n<p style=\"padding-left: 60px;\">b)Nesse caso vai ser feito a <u>aula de HR online das 12:00 as12:15 iremos comunicar e<\/u> <u>esperar preparado o Google Class Room respectivos.<\/u><\/p>\n<p>(2)Mesmo ap\u00f3s a libera\u00e7\u00e3o,havendo paraliza\u00e7\u00e3o de tr\u00eam, danifica\u00e7\u00e3o de rodovias ou inunda\u00e7\u00e3o e h\u00e1 perigo de vir a escola ou dificuldade, n\u00e3o haver\u00e1 necessidade de vir a escola. Entretanto, comunicar imediatamente a situa\u00e7\u00e3o para a escola.<\/p>\n<p>(3)Caso for divulgado a alerta de ventania durante a vinda na escola e sentir perigo voltar imediatamente a sua casa. Entretanto, comunicar imediatamente a siua\u00e7\u00e3o para a escola.<\/p>\n<p>(4)Quando for divulgado a alerta de ventania quando estiver na escola, haver\u00e1 orienta\u00e7\u00e3o conforme a necessidade e cumpram as orienta\u00e7\u00f5es.<\/p>\n<p style=\"padding-left: 40px;\">a)Ap\u00f3s a confirma\u00e7\u00e3o do tamanho do Taifuu, dire\u00e7\u00e3o prevista situa\u00e7\u00e3o do ferrovia e transito e caso for tomada a medida de voltar para casa deixar preparado o<u> Google Class room respectivasaHM <\/u>e comunicar a escola.<\/p>\n<p style=\"padding-left: 40px;\">b)Quando n\u00e3o poder voltar por motivo da parada de condu\u00e7\u00e3o p\u00fablica, esperar a busca da fam\u00edlia no local seguro da escola.quando a fam\u00edlia n\u00e3o pode vir cintinue esparando.<\/p>\n<p>(5)Quando estiver em alerta especial das calamidades oficiais importante divuldada em Mie-ken , dever\u00e3o proceder conforme os \u00edtens (1) a (4).<\/p>\n<ul>\n<li>Alerta espcial de chuvasca\uff08\u5927\u96e8\u7279\u5225\u8b66\u5831 OOAME-TOKUBETU-KEIHOU\uff09<\/li>\n<li>Alerta especial de ventania\uff08\u66b4\u98a8\u7279\u5225\u8b66\u5831 BOUFUU-TOKUBETU-KEIHOU\uff09<\/li>\n<li>Alerta especial de nevasca e grande nevada\uff08\u66b4\u98a8\u96ea\u7279\u5225\u8b66\u5831BOUFUUSETU-TOKUBETU-KEIHOU\u3001\u5927\u96ea\u7279\u5225\u8b66\u5831OOYUKI-TOKUBETU-KEIHOU\uff09<\/li>\n<\/ul>\n<p>(6)Sobre a divulga\u00e7\u00e3o e anula\u00e7\u00e3o da alerta de ventania, devem confirmar atrav\u00e9s de radio e televis\u00e3o e n\u00e3o ligar a escola para a confirma\u00e7\u00e3o.<\/p>\n<p>(7)N\u00e3o necessita vir a escola for\u00e7osamente.<\/p>","protected":false},"excerpt":{"rendered":"<p>na hora de taifu e anormalidade para vir e voltar na escola. &lt;&lt;Utiliza\u00e7\u00e3o de on-line&gt;&gt; \u203bA cidade d &hellip; <a href=\"https:\/\/www.mie-c.ed.jp\/hiino\/pt\/current\/taihu\" class=\"more-link\">Continuar a ler<span class=\"screen-reader-text\"> &#8220;Escola de dia\uff1aProcedimento no ato de taifu(\u53f0\u98a8TAIFUU) e calamidade de urg\u00eancia&#8221;<\/span><\/a><\/p>\n","protected":false},"author":1,"featured_media":0,"parent":127,"menu_order":0,"comment_status":"closed","ping_status":"closed","template":"","meta":{"footnotes":""},"class_list":["post-166","page","type-page","status-publish","hentry"],"acf":[],"jetpack_sharing_enabled":true,"_links":{"self":[{"href":"https:\/\/www.mie-c.ed.jp\/hiino\/pt\/wp-json\/wp\/v2\/pages\/166"}],"collection":[{"href":"https:\/\/www.mie-c.ed.jp\/hiino\/pt\/wp-json\/wp\/v2\/pages"}],"about":[{"href":"https:\/\/www.mie-c.ed.jp\/hiino\/pt\/wp-json\/wp\/v2\/types\/page"}],"author":[{"embeddable":true,"href":"https:\/\/www.mie-c.ed.jp\/hiino\/pt\/wp-json\/wp\/v2\/users\/1"}],"replies":[{"embeddable":true,"href":"https:\/\/www.mie-c.ed.jp\/hiino\/pt\/wp-json\/wp\/v2\/comments?post=166"}],"version-history":[{"count":22,"href":"https:\/\/www.mie-c.ed.jp\/hiino\/pt\/wp-json\/wp\/v2\/pages\/166\/revisions"}],"predecessor-version":[{"id":21152,"href":"https:\/\/www.mie-c.ed.jp\/hiino\/pt\/wp-json\/wp\/v2\/pages\/166\/revisions\/21152"}],"up":[{"embeddable":true,"href":"https:\/\/www.mie-c.ed.jp\/hiino\/pt\/wp-json\/wp\/v2\/pages\/127"}],"wp:attachment":[{"href":"https:\/\/www.mie-c.ed.jp\/hiino\/pt\/wp-json\/wp\/v2\/media?parent=166"}],"curies":[{"name":"wp","href":"https:\/\/api.w.org\/{rel}","templated":true}]}}