{"id":151,"date":"2016-12-22T14:28:00","date_gmt":"2016-12-22T05:28:00","guid":{"rendered":"https:\/\/www.mie-c.ed.jp\/hiino\/?page_id=151"},"modified":"2025-02-10T11:20:22","modified_gmt":"2025-02-10T02:20:22","slug":"nyushi-en","status":"publish","type":"page","link":"https:\/\/www.mie-c.ed.jp\/hiino\/pt\/student\/nyushi-en","title":{"rendered":"\u82f1\u8a9e\u30b3\u30df\u30e5\u30cb\u30b1\u30fc\u30b7\u30e7\u30f3\u79d1"},"content":{"rendered":"<p class=\"qtranxs-available-languages-message qtranxs-available-languages-message-pt\">Desculpe, este conte\u00fado s\u00f3 est\u00e1 dispon\u00edvel em <a href=\"https:\/\/www.mie-c.ed.jp\/hiino\/ja\/wp-json\/wp\/v2\/pages\/151\" class=\"qtranxs-available-language-link qtranxs-available-language-link-ja\" title=\"\u65e5\u672c\u8a9e\">\u65e5\u672c\u8a9e<\/a>.<\/p>","protected":false},"excerpt":{"rendered":"<p>Desculpe, este conte\u00fado s\u00f3 est\u00e1 dispon\u00edvel em \u65e5\u672c\u8a9e.<\/p>\n","protected":false},"author":1,"featured_media":0,"parent":125,"menu_order":0,"comment_status":"closed","ping_status":"closed","template":"","meta":{"footnotes":""},"class_list":["post-151","page","type-page","status-publish","hentry"],"acf":[],"jetpack_sharing_enabled":true,"_links":{"self":[{"href":"https:\/\/www.mie-c.ed.jp\/hiino\/pt\/wp-json\/wp\/v2\/pages\/151"}],"collection":[{"href":"https:\/\/www.mie-c.ed.jp\/hiino\/pt\/wp-json\/wp\/v2\/pages"}],"about":[{"href":"https:\/\/www.mie-c.ed.jp\/hiino\/pt\/wp-json\/wp\/v2\/types\/page"}],"author":[{"embeddable":true,"href":"https:\/\/www.mie-c.ed.jp\/hiino\/pt\/wp-json\/wp\/v2\/users\/1"}],"replies":[{"embeddable":true,"href":"https:\/\/www.mie-c.ed.jp\/hiino\/pt\/wp-json\/wp\/v2\/comments?post=151"}],"version-history":[{"count":9,"href":"https:\/\/www.mie-c.ed.jp\/hiino\/pt\/wp-json\/wp\/v2\/pages\/151\/revisions"}],"predecessor-version":[{"id":21508,"href":"https:\/\/www.mie-c.ed.jp\/hiino\/pt\/wp-json\/wp\/v2\/pages\/151\/revisions\/21508"}],"up":[{"embeddable":true,"href":"https:\/\/www.mie-c.ed.jp\/hiino\/pt\/wp-json\/wp\/v2\/pages\/125"}],"wp:attachment":[{"href":"https:\/\/www.mie-c.ed.jp\/hiino\/pt\/wp-json\/wp\/v2\/media?parent=151"}],"curies":[{"name":"wp","href":"https:\/\/api.w.org\/{rel}","templated":true}]}}