{"id":41,"date":"2016-12-20T13:42:00","date_gmt":"2016-12-20T04:42:00","guid":{"rendered":"https:\/\/www.mie-c.ed.jp\/hiino\/?page_id=41"},"modified":"2024-08-07T14:17:06","modified_gmt":"2024-08-07T05:17:06","slug":"english","status":"publish","type":"page","link":"https:\/\/www.mie-c.ed.jp\/hiino\/es\/guide\/english","title":{"rendered":"Curso de Comunicaci\u00f3n Inglesa"},"content":{"rendered":"<p><\/p>\n<h2><strong>Caracter\u00edsticas del curso<\/strong><\/h2>\n<p>Cada d\u00eda nos esforzamos para alcanzar los siguientes 3 objetivos hasta el momento de la graduaci\u00f3n:<\/p>\n<p>\u2460Alcanzar el nivel 2 del \u00abEnglish Proficiency Test\u00bb.<br \/>\n\u2461Poder desenvolverse con soltura en el uso del Ingl\u00e9s en discursos y presentaciones.<br \/>\n\u2462Una vez ya graduados en la escuela, poder continuar el\u00a0\u00a0aprendizaje del ingl\u00e9s por s\u00ed mismos.<\/p>\n<p>En cada grado hay entre 8\uff5e11 horas lectivas semanales de ingl\u00e9s. En el primer a\u00f1o se\u00a0consolidan los conocimientos b\u00e1sicos de ingl\u00e9s, en el segundo a\u00f1o seg\u00fan el rumbo de futuro que deseen seguir, se dividen en curso A\u00a0y B, hay diversos inputs -outputs de ingl\u00e9s, y en el tercer a\u00f1o como resultado del aprendizaje del ingl\u00e9s, realizan una presentaci\u00f3n de un tema elegido por ellos mismos.\u00a0Se aprenden de manera equilibrada las 4 habilidades de: lectura, comprensi\u00f3n auditiva, conversaci\u00f3n y escritura. Se adquieren los conocimientos de expresiones en ingl\u00e9s para hacer discursos y presentaciones. Las clases de ingl\u00e9s son de n\u00famero reducido de alumnos y disponen permanentemente de dos \u00abAssistant Language\u00a0Teachers\u00bb nativos,\u00a0por lo que\u00a0tienen oportunidad de comunicarse en ingl\u00e9s.\u00a0Disponen de las instalaciones para poder aprender ingl\u00e9s haciendo uso de computadoras. Hay muchos estudiantes que despu\u00e9s cursan estudios de humanidades, business y comercio, literatura y servicios sociales dentro del\u00a0sistema de 4 a\u00f1os\u00a0de las universidades de idiomas.<\/p>\n<h3><strong>RESUMEN<\/strong><\/h3>\n<ul>\n<li><a href=\"https:\/\/www.mie-c.ed.jp\/hiino\/wp-content\/uploads\/2019\/07\/2019eigo-kyouikukadai.pdf\">2019\u5e74\u5ea6\u5b9f\u65bd\u82f1\u30b3\u30df\u79d1\u6559\u80b2\u8ab2\u7a0b\uff082019 Curr\u00edculo\uff09<\/a><\/li>\n<li><a href=\"https:\/\/www.mie-c.ed.jp\/hiino\/wp-content\/uploads\/2019\/07\/2019eigo-cyugaku.pdf\">2019\u5e74\u5ea6\u82f1\u30b3\u30df\u51fa\u8eab\u4e2d\u5b66\uff082019 Ojear las escuelas secundarias de procedencia\uff09<\/a><\/li>\n<\/ul>\n<h2><strong>Actividades escolares<\/strong><\/h2>\n<p>Entrenamiento en la escuela (alumnos de 1\u00ba grado), seminario de verano y viaje de estudios a Australia a escuela hermanada (alumnos de 1\u00ba y 2\u00ba grado), Pr\u00e1ctica de expresi\u00f3n inglesa en\u00a0la presentaci\u00f3n (alumnos de 3er grado),etc.<\/p>\n<h2><strong>Principales destinos en estudios superiores y nuevos empleos<\/strong><\/h2>\n<h3><strong>Estudios superiores<\/strong><\/h3>\n<h4>\u3014<strong>UNiversidades de 4 a\u00f1os<\/strong>\u3015<\/h4>\n<p>Universidad de Kansai, Universidad de Chukyou, Universidad de Estudios Extranjeros de Nagoya, Universidad de Estudios extranjeros de Kansai, Universidad de Estudios extranjeros de Kyoto, Universidad Kinjou Gakuin, Universidad de Nihon Fukushi, Universidad de Administraci\u00f3n de negocios y Comercio de Nagoya,\u00a0Universidad Gakuin de Nagoya, Escuela superior Kogakukan, Universidad de Suzuka, Universidad de medicina de Suzuka, Universidad Kokugakuin, Universidad Gakuin de Nagoya, Universidad de artes de Tokio, Universidad Seika de Kyoto, Univesidad de Toho Aichi, Universidad de Econom\u00eda de Nagoya, Universidad de Doho, Universidad Ohkagakuen, Universidad Otemae, Universidad Tokai Gakuen Universidad Temple, Universidad Europea de Madrid,etc.<\/p>\n<h4>\u3014<strong>Universidades de 2 a\u00f1os<\/strong>\u3015<\/h4>\n<p>Universidad de Sof\u00eda de 2 a\u00f1os,\u00a0Universidad de Nagoya de dos a\u00f1os , Universidad de Mie de dos a\u00f1os, Universidad de\u00a0Takada de dos a\u00f1os, Universidad de culturas de Nagoya de dos a\u00f1os, Universidad de Suzuka\u00a0de dos a\u00f1os, Escuela Superior femenina Soka, Escuela de automoci\u00f3n de Takayama,etc.<\/p>\n<h4>\u3014<strong>Escuelas de especializaci\u00f3n<\/strong>\u3015<\/h4>\n<p>Academia\u00a0de enfermer\u00eda y comadrona,\u00a0Academia de lenguas extranjeras de Osaka, Escuela de bellas artes de\u00a0Tsudaka de Mie, Escuela de turismo internacional de Nagoya, Escuela de cocina de Mie, Academia culinaria y de confecci\u00f3n de Ise,\u00a0 Escuela de media jornada de belleza, Instituto de belleza Asahi, Academia de belleza AFLOAT, Academia de lenguas extranjeras, hosteler\u00eda y bodas, Academia de bodas de Nagoya, Escuela de automoci\u00f3n de Nissan de Aichi, Nihon Kougakuin, , Academia veterinaria de Nagoya, Academia de contabilidad Ohara,etc.<\/p>\n<h3><strong>Nuevo empleo<\/strong><\/h3>\n<p>Compa\u00f1\u00eda\u00a0Honda,\u00a0 Compa\u00f1\u00eda Sharp, Mobility Land Suzuka Circuit, Compa\u00f1\u00eda Best Logi MIE,\u00a0 Compa\u00f1\u00eda Mie Konetsu,\u00a0\u00a0Industria Yashima, \u3001Compa\u00f1\u00eda Shikibo, Servicio de correos de Jap\u00f3n, Hotel Sea Side de Toba, REMIX, Compa\u00f1ia Exedy,\u00a0\u00a0Restaurant Joyfull, Hotel Storia, Tohshin Group, Mie Kotsu group, Compa\u00f1\u00eda Nissho, Agekke group, Accel group, Asociaci\u00f3n de servicios sociales de Aoyama, Asistencia m\u00e9dica Yanase,etc.<\/p>\n<h2><strong>Actividades de los alumnos<\/strong><\/h2>\n<p>Ganador de Competici\u00f3n de discurso en ingl\u00e9s de las escuelas de koukou ( representante de Mieken en la competici\u00f3n del \u00e1rea de Tokai), ganador competici\u00f3n de discurso en ingl\u00e9s de escuelas de koukou (representante de Mieken en la competici\u00f3n nacional).<br \/>\n16 alumnos de 3er grado con puntaje\u00a0en el examen TOEIC\u00a0superior\u00a0a 600 puntos.<\/p>\n<h4><strong>Resultado de aprobrados en examen de nivel de ingl\u00e9s EIKEN<\/strong><\/h4>\n<table>\n<tbody>\n<tr>\n<th><strong>grado\uff0fa\u00f1o<\/strong><\/th>\n<th>2015<\/th>\n<th>2016<\/th>\n<th>2017<\/th>\n<th>2018<\/th>\n<th>2019<\/th>\n<\/tr>\n<tr>\n<th><strong>Primer grado<\/strong><\/th>\n<td style=\"text-align: center;\">1<\/td>\n<td style=\"text-align: center;\">1<\/td>\n<td style=\"text-align: center;\">0<\/td>\n<td style=\"text-align: center;\">0<\/td>\n<td style=\"text-align: center;\">0<\/td>\n<\/tr>\n<tr>\n<th><strong>pre -primer grado<\/strong><\/th>\n<td style=\"text-align: center;\">1<\/td>\n<td style=\"text-align: center;\">2<\/td>\n<td style=\"text-align: center;\">1<\/td>\n<td style=\"text-align: center;\">2<\/td>\n<td style=\"text-align: center;\">6<\/td>\n<\/tr>\n<tr>\n<th><strong>Segundo grado<\/strong><\/th>\n<td style=\"text-align: center;\">18<\/td>\n<td style=\"text-align: center;\">14<\/td>\n<td style=\"text-align: center;\">14<\/td>\n<td style=\"text-align: center;\">15<\/td>\n<td style=\"text-align: center;\">17<\/td>\n<\/tr>\n<tr>\n<th><strong>Pre- segundo grado<\/strong><\/th>\n<td style=\"text-align: center;\">20<\/td>\n<td style=\"text-align: center;\">24<\/td>\n<td style=\"text-align: center;\">37<\/td>\n<td style=\"text-align: center;\">24<\/td>\n<td style=\"text-align: center;\">17<\/td>\n<\/tr>\n<tr>\n<th><strong>Tercer grado<\/strong><\/th>\n<td style=\"text-align: center;\">19<\/td>\n<td style=\"text-align: center;\">22<\/td>\n<td style=\"text-align: center;\">34<\/td>\n<td style=\"text-align: center;\">25<\/td>\n<td style=\"text-align: center;\">4<\/td>\n<\/tr>\n<\/tbody>\n<\/table>\n<h2><strong>Apoyo internacional<\/strong><\/h2>\n<p>En el curso de \u00abcomunicaci\u00f3n inglesa\u00bb\u00a0est\u00e1n estudiando\u00a0alumnos de Brasil, Per\u00fa, Filipinas,etc. hasta un total de\u00a015 nacionalidades diferentes.<\/p>\n<p>Los alumnos que no tienen los conocimientos suficientes del idioma japon\u00e9s, reciben orientaci\u00f3n y ayuda de japon\u00e9s.<\/p>\n<p>Al adquirir los conocimientos de japon\u00e9s en el futuro podr\u00e1n acceder a compan\u00edas de car\u00e1cter global que desarrollen actividades tanto fuera como dentro de Jap\u00f3n.<\/p>\n<p>&nbsp;<\/p>\n<h3><strong>La voz de los alumnos<\/strong><\/h3>\n<p>Japon\u00e9s b\u00e1sico A:\u3000\uff11er Grado.\u3000\u3000Desde Escuela Secundaria de Shiroko\u3000\uff08Brasil\uff09<br \/>\nVine a Jap\u00f3n cuando ten\u00eda 15 a\u00f1os. En la escuela secundaria estudi\u00e9 en una clase internacional.\u00a0Como ten\u00eda inter\u00e9s en el ingl\u00e9s, y quer\u00eda aprenderlo, tom\u00e9 el examen de ingreso en la escuela Iino.\u00a0Me puse muy contento al ser admitido en la\u00a0escuela Iino.\u00a0Es fant\u00e1stico poder estudiar ingl\u00e9s y japon\u00e9s en la escuela Iino.\u00a0Los alumnos que todav\u00eda no pueden hablar japon\u00e9s pueden estudiar a su ritmo en las clases S y T.<\/p>\n<p>Como soy miembro del club de Badminton es divertido hacer m\u00e1s amigos. La pasamos bien con los amigos en varios eventos que hay en Iino. \u00a1\u00a1\u00a1 Qu\u00e9 bien que pude ingresar en la escuela iino !!!<\/p>\n<p><span style=\"font-family: '\uff2d\uff33 \uff30\u660e\u671d',serif;\"><img loading=\"lazy\" decoding=\"async\" class=\"alignnone size-medium wp-image-1982\" src=\"https:\/\/www.mie-c.ed.jp\/hiino\/wp-content\/uploads\/2016\/12\/IMG_4770-300x225.jpg\" alt=\"\" width=\"300\" height=\"225\" srcset=\"https:\/\/www.mie-c.ed.jp\/hiino\/wp-content\/uploads\/2016\/12\/IMG_4770-300x225.jpg 300w, https:\/\/www.mie-c.ed.jp\/hiino\/wp-content\/uploads\/2016\/12\/IMG_4770-768x576.jpg 768w, https:\/\/www.mie-c.ed.jp\/hiino\/wp-content\/uploads\/2016\/12\/IMG_4770.jpg 792w\" sizes=\"(max-width: 300px) 85vw, 300px\" \/><\/span><\/p>\n<p><span style=\"font-family: '\uff2d\uff33 \uff30\u660e\u671d',serif;\">\u3000<\/span><\/p>\n<p>Japon\u00e9s b\u00e1sico B:\u3000\uff12\u00ba Grado.\u3000Desde Escuela Secundaria Chiyozaki\u3000\uff08Filipinas\uff09<\/p>\n<p>Llegu\u00e9 a Jap\u00f3n cuando ten\u00eda 15 a\u00f1os.\u00a0La cultura de Filipinas y Jap\u00f3n son muy diferentes. Eso me sorprendi\u00f3. La raz\u00f3n por la que tom\u00e9 el examen de ingreso en la escuela Iino es porque quer\u00eda utilizar el ingl\u00e9s y comunicarme con amigos de varios pa\u00edses. En la clase de japon\u00e9s hay una atm\u00f3sfera\u00a0en la que el profesor y los alumnos pueden hacerse preguntas.<\/p>\n<p>Mi objetivo es trabajar en una buena empresa donde utilizar el japon\u00e9s. Para ello, podemos dirigirnos a alumnos y profesores en japon\u00e9s. El examen oficial de capacidad de japon\u00e9s fue dif\u00edcil, pero me esforc\u00e9. \u00a1\u00a1\u00a1 Antes de\u00a0 graduarme tengo que pasar sin falta el nivel N2!!<\/p>\n<p>Japon\u00e9s General:\u3000\uff13\u00ba Grado.\u3000Desde Escuela Secundaria Kanbe\uff08Sri Lanka\uff09<\/p>\n<p>Yo vine a Jap\u00f3n cuando era estudiante de 6\u00ba grado de escuela primaria. Por aquel entonces, no pod\u00eda hablar japon\u00e9s en absoluto. Durante la escuela secundaria tampoco pod\u00eda hablar japon\u00e9s y tampoco ten\u00eda amigos. Pero, desde que estoy en la escuela Iino he podido hacer muchos amigos. En clase, cualquier cosa que no entiendo, los profesores me ense\u00f1an amablemente. Y tambi\u00e9n hay muchos profesores que saben ingl\u00e9s. Gracias a los profesores, mi japon\u00e9s es mucho mejor. Pas\u00e9 el nivel 2\u00ba de examen de ingl\u00e9s EIKEN y el examen de japon\u00e9s N2. En la escuela Iino puedo comunicarme con muchas personas y mi ingl\u00e9s es bueno.<\/p>\n<p>&nbsp;<\/p>\n<p>&nbsp;<\/p>\n<p>&nbsp;<\/p>\n<p>&nbsp;<\/p>","protected":false},"excerpt":{"rendered":"<p>Caracter\u00edsticas del curso Cada d\u00eda nos esforzamos para alcanzar los siguientes 3 objetivos hasta el momento de &hellip; <a href=\"https:\/\/www.mie-c.ed.jp\/hiino\/es\/guide\/english\" class=\"more-link\">Continuar leyendo<span class=\"screen-reader-text\"> \u00abCurso de Comunicaci\u00f3n Inglesa\u00bb<\/span><\/a><\/p>\n","protected":false},"author":1,"featured_media":0,"parent":15,"menu_order":5,"comment_status":"closed","ping_status":"closed","template":"","meta":{"footnotes":""},"class_list":["post-41","page","type-page","status-publish","hentry"],"acf":[],"jetpack_sharing_enabled":true,"_links":{"self":[{"href":"https:\/\/www.mie-c.ed.jp\/hiino\/es\/wp-json\/wp\/v2\/pages\/41"}],"collection":[{"href":"https:\/\/www.mie-c.ed.jp\/hiino\/es\/wp-json\/wp\/v2\/pages"}],"about":[{"href":"https:\/\/www.mie-c.ed.jp\/hiino\/es\/wp-json\/wp\/v2\/types\/page"}],"author":[{"embeddable":true,"href":"https:\/\/www.mie-c.ed.jp\/hiino\/es\/wp-json\/wp\/v2\/users\/1"}],"replies":[{"embeddable":true,"href":"https:\/\/www.mie-c.ed.jp\/hiino\/es\/wp-json\/wp\/v2\/comments?post=41"}],"version-history":[{"count":88,"href":"https:\/\/www.mie-c.ed.jp\/hiino\/es\/wp-json\/wp\/v2\/pages\/41\/revisions"}],"predecessor-version":[{"id":21110,"href":"https:\/\/www.mie-c.ed.jp\/hiino\/es\/wp-json\/wp\/v2\/pages\/41\/revisions\/21110"}],"up":[{"embeddable":true,"href":"https:\/\/www.mie-c.ed.jp\/hiino\/es\/wp-json\/wp\/v2\/pages\/15"}],"wp:attachment":[{"href":"https:\/\/www.mie-c.ed.jp\/hiino\/es\/wp-json\/wp\/v2\/media?parent=41"}],"curies":[{"name":"wp","href":"https:\/\/api.w.org\/{rel}","templated":true}]}}