{"id":166,"date":"2016-12-22T14:37:52","date_gmt":"2016-12-22T05:37:52","guid":{"rendered":"https:\/\/www.mie-c.ed.jp\/hiino\/?page_id=166"},"modified":"2024-08-26T11:21:19","modified_gmt":"2024-08-26T02:21:19","slug":"taihu","status":"publish","type":"page","link":"https:\/\/www.mie-c.ed.jp\/hiino\/es\/current\/taihu","title":{"rendered":"Escuela de d\u00eda\uff1aComo hacer en caso de emergencia de tif\u00f3n(\u53f0\u98a8TAIFUU)  o desastre"},"content":{"rendered":"<p><\/p>\n<h2>Sobre la ida y vuelta a la escuela en caso de tif\u00f3n o emergencia de desastre &lt;&lt;utilizaci\u00f3n online&gt;&gt;<\/h2>\n<p>\u203bCuando hay alarma, emergencia o aviso en el \u00e1rea de Suzuka ( Suzuka \u00e1rea norte\u300c\u4e09\u91cd\u770c\u5317\u90e8\u300dMIEKEN-HOKUBU).<\/p>\n<p>\uff08\uff11\uff09En caso de haber alarma o emergencia por lluvia o fuerte o similar, cuando se encuentre en Suzuka o bien en su domicilio.<\/p>\n<p style=\"padding-left: 30px;\">\u2460En caso de que la alarma se d\u00e9 antes de empezar las clases, no vayan hasta la escuela y permanezcan en sus casas.<\/p>\n<p style=\"padding-left: 30px;\">\u2461 En caso de cancelarse la alerta, confirmen su seguridad y acudan a la escuela.<\/p>\n<p style=\"padding-left: 60px;\">a\uff09En caso de cancelarse la alerta hasta las 11 de la ma\u00f1ana, dos horas despu\u00e9s de la cancelaci\u00f3n de la alarma, se reanudar\u00e1n las clases.<\/p>\n<p style=\"padding-left: 60px;\">b\uff09En caso de que a las 11 de la ma\u00f1ana no se haya cancelado la alerta, las clases de\u3000ese d\u00eda quedar\u00e1n suspendidas. En este caso, <span style=\"text-decoration: underline;\">a partir de las 12:15 hay el sistema online de clase, con\u00e9ctense y esperen en el sistema \u201cGoogle clasroom\u201d.<\/span><\/p>\n<p>\uff08\uff12\uff09En caso de que haya suspensi\u00f3n del transporte p\u00fablico ( bus , tren, etc.) por peligro de desprendimiento, inundaci\u00f3n, etc. no vayan a la escuela porque es peligroso.<\/p>\n<p>\uff08\uff13\uff09Si hay peligro durante el trayecto hacia la escuela mientras est\u00e1n yendo a la escuela, por favor, vuelvan a casa y comun\u00edquenlo a la escuela.<\/p>\n<p>\uff08\uff14\uff09Si se produce la alarma estando en la escuela, sigan las indicaciones que la escuela aconseje.<\/p>\n<p style=\"padding-left: 40px;\">a\uff09En caso de que se avecine un tif\u00f3n, y se tomen las medidas preventivas, despu\u00e9s de confirmar la situaci\u00f3n, <span style=\"text-decoration: underline;\">y despu\u00e9s de volver a casa se informar\u00e1 a trav\u00e9s de \u201cGoogle clasroom HR<\/span>\u201d.<\/p>\n<p style=\"padding-left: 40px;\">b\uff09Cuando se haya cortado el transporte p\u00fablico y no puedan regresar a casa, los alumnos deber\u00e1n esperar hasta que vengan los padres a recogerlos. En caso de que no puedan recogerlos en la escuela, deber\u00e1n esperar en la escuela.<\/p>\n<p>\uff08\uff15\uff09En caso de que haya anuncio de posibilidad de gran desastre en toda la prefectura de Mie se seguir\u00e1n los pasos de\uff08 \uff11\uff09\uff5e\uff08\uff14\uff09.<\/p>\n<p>\u30fbEmergencia de Fuertes lluvias\u3000\u30fbEmergencia de fuertes tormentas\u30fbEmergencia de fuertes nevadas<\/p>\n<p>\uff08\uff16\uff09Sobre anuncio de fuertes lluvias, etc. confirme la informaci\u00f3n por radio, televisi\u00f3n, Machikomi mail y la p\u00e1gina web de la escuela.<\/p>\n<p>\uff08\uff17\uff09No hace falta hacer lo imposible por ir a la escuela.<\/p>","protected":false},"excerpt":{"rendered":"<p>Sobre la ida y vuelta a la escuela en caso de tif\u00f3n o emergencia de desastre &lt;&lt;utilizaci\u00f3n online&gt;&#038;gt &hellip; <a href=\"https:\/\/www.mie-c.ed.jp\/hiino\/es\/current\/taihu\" class=\"more-link\">Continuar leyendo<span class=\"screen-reader-text\"> \u00abEscuela de d\u00eda\uff1aComo hacer en caso de emergencia de tif\u00f3n(\u53f0\u98a8TAIFUU)  o desastre\u00bb<\/span><\/a><\/p>\n","protected":false},"author":1,"featured_media":0,"parent":127,"menu_order":0,"comment_status":"closed","ping_status":"closed","template":"","meta":{"footnotes":""},"class_list":["post-166","page","type-page","status-publish","hentry"],"acf":[],"jetpack_sharing_enabled":true,"_links":{"self":[{"href":"https:\/\/www.mie-c.ed.jp\/hiino\/es\/wp-json\/wp\/v2\/pages\/166"}],"collection":[{"href":"https:\/\/www.mie-c.ed.jp\/hiino\/es\/wp-json\/wp\/v2\/pages"}],"about":[{"href":"https:\/\/www.mie-c.ed.jp\/hiino\/es\/wp-json\/wp\/v2\/types\/page"}],"author":[{"embeddable":true,"href":"https:\/\/www.mie-c.ed.jp\/hiino\/es\/wp-json\/wp\/v2\/users\/1"}],"replies":[{"embeddable":true,"href":"https:\/\/www.mie-c.ed.jp\/hiino\/es\/wp-json\/wp\/v2\/comments?post=166"}],"version-history":[{"count":22,"href":"https:\/\/www.mie-c.ed.jp\/hiino\/es\/wp-json\/wp\/v2\/pages\/166\/revisions"}],"predecessor-version":[{"id":21152,"href":"https:\/\/www.mie-c.ed.jp\/hiino\/es\/wp-json\/wp\/v2\/pages\/166\/revisions\/21152"}],"up":[{"embeddable":true,"href":"https:\/\/www.mie-c.ed.jp\/hiino\/es\/wp-json\/wp\/v2\/pages\/127"}],"wp:attachment":[{"href":"https:\/\/www.mie-c.ed.jp\/hiino\/es\/wp-json\/wp\/v2\/media?parent=166"}],"curies":[{"name":"wp","href":"https:\/\/api.w.org\/{rel}","templated":true}]}}