{"id":125,"date":"2016-12-22T13:31:12","date_gmt":"2016-12-22T04:31:12","guid":{"rendered":"https:\/\/www.mie-c.ed.jp\/hiino\/?page_id=125"},"modified":"2026-03-03T10:07:29","modified_gmt":"2026-03-03T01:07:29","slug":"student","status":"publish","type":"page","link":"https:\/\/www.mie-c.ed.jp\/hiino\/es\/student","title":{"rendered":"\u4e2d\u5b66\u751f\u306e\u65b9\u3078"},"content":{"rendered":"<p>Curso de introducci\u00f3n a la vida de la escuela secundaria<\/p>\n<div class=\"menu-%e9%ab%98%e6%a0%a1%e7%94%9f%e6%b4%bb%e5%85%a5%e9%96%80%e8%ac%9b%e5%ba%a7-container\"><ul id=\"menu-%e9%ab%98%e6%a0%a1%e7%94%9f%e6%b4%bb%e5%85%a5%e9%96%80%e8%ac%9b%e5%ba%a7-2\" class=\"menu\"><li class=\"menu-item menu-item-type-post_type menu-item-object-page menu-item-157\"><a href=\"https:\/\/www.mie-c.ed.jp\/hiino\/es\/student\/openschool\">escuela abierta<\/a><\/li>\n<\/ul><\/div>\n<p>Matr\u00edcula, etc.<\/p>\n<div class=\"menu-%e5%ad%a6%e8%b2%bb%e7%ad%89-container\"><ul id=\"menu-%e5%ad%a6%e8%b2%bb%e7%ad%89-1\" class=\"menu\"><li class=\"menu-item menu-item-type-custom menu-item-object-custom menu-item-413\"><a href=\"https:\/\/www.mie-c.ed.jp\/hiino\/es\/student\/hiyou\">Costo de ingreso en una Escuela Secundaria Superior<\/a><\/li>\n<li class=\"menu-item menu-item-type-custom menu-item-object-custom menu-item-414\"><a href=\"https:\/\/www.mie-c.ed.jp\/hiino\/es\/student\/hiyou\/#b\">Costos de educaci\u00f3n<\/a><\/li>\n<li class=\"menu-item menu-item-type-custom menu-item-object-custom menu-item-415\"><a href=\"https:\/\/www.mie-c.ed.jp\/hiino\/es\/student\/hiyou\/#c\">Pr\u00e9stamo escolar para escuelas de educaci\u00f3n secundaria superior<\/a><\/li>\n<\/ul><\/div>\n<p>informaci\u00f3n de admisi\u00f3n<\/p>\n<div class=\"menu-%e5%85%a5%e8%a9%a6%e6%83%85%e5%a0%b1-container\"><ul id=\"menu-%e5%85%a5%e8%a9%a6%e6%83%85%e5%a0%b1-2\" class=\"menu\"><li class=\"menu-item menu-item-type-post_type menu-item-object-page menu-item-164\"><a href=\"https:\/\/www.mie-c.ed.jp\/hiino\/es\/student\/schedule\">\u5165\u8a66\u30b9\u30b1\u30b8\u30e5\u30fc\u30eb\u30fb\u5408\u683c\u767a\u8868<\/a><\/li>\n<li class=\"menu-item menu-item-type-post_type menu-item-object-page menu-item-163\"><a href=\"https:\/\/www.mie-c.ed.jp\/hiino\/es\/student\/nyushi-en\">\u82f1\u8a9e\u30b3\u30df\u30e5\u30cb\u30b1\u30fc\u30b7\u30e7\u30f3\u79d1<\/a><\/li>\n<li class=\"menu-item menu-item-type-post_type menu-item-object-page menu-item-162\"><a href=\"https:\/\/www.mie-c.ed.jp\/hiino\/es\/student\/nyushi-de\">\u5fdc\u7528\u30c7\u30b6\u30a4\u30f3\u79d1<\/a><\/li>\n<\/ul><\/div>\n<p>Iino Escuela Superior Q &amp; A<\/p>\n<p><div class=\"menu-%e9%a3%af%e9%87%8e%e9%ab%98%e6%a0%a1qa-container\"><ul id=\"menu-%e9%a3%af%e9%87%8e%e9%ab%98%e6%a0%a1qa-1\" class=\"menu\"><li class=\"menu-item menu-item-type-custom menu-item-object-custom menu-item-630\"><a href=\"https:\/\/www.mie-c.ed.jp\/rainbow\/cgi-bin\/ans\/show_ans.cgi?NO=18\">\u98ef\u91ce\u9ad8\u6821Q&#038;A<\/a><\/li>\n<\/ul><\/div><\/p>","protected":false},"excerpt":{"rendered":"<p>Curso de introducci\u00f3n a la vida de la escuela secundaria Matr\u00edcula, etc. informaci\u00f3n de admisi\u00f3n Iino Escuela  &hellip; <a href=\"https:\/\/www.mie-c.ed.jp\/hiino\/es\/student\" class=\"more-link\">Continuar leyendo<span class=\"screen-reader-text\"> \u00ab\u4e2d\u5b66\u751f\u306e\u65b9\u3078\u00bb<\/span><\/a><\/p>\n","protected":false},"author":1,"featured_media":0,"parent":0,"menu_order":0,"comment_status":"closed","ping_status":"closed","template":"page-second.php","meta":{"footnotes":""},"class_list":["post-125","page","type-page","status-publish","hentry"],"acf":[],"jetpack_sharing_enabled":true,"_links":{"self":[{"href":"https:\/\/www.mie-c.ed.jp\/hiino\/es\/wp-json\/wp\/v2\/pages\/125"}],"collection":[{"href":"https:\/\/www.mie-c.ed.jp\/hiino\/es\/wp-json\/wp\/v2\/pages"}],"about":[{"href":"https:\/\/www.mie-c.ed.jp\/hiino\/es\/wp-json\/wp\/v2\/types\/page"}],"author":[{"embeddable":true,"href":"https:\/\/www.mie-c.ed.jp\/hiino\/es\/wp-json\/wp\/v2\/users\/1"}],"replies":[{"embeddable":true,"href":"https:\/\/www.mie-c.ed.jp\/hiino\/es\/wp-json\/wp\/v2\/comments?post=125"}],"version-history":[{"count":22,"href":"https:\/\/www.mie-c.ed.jp\/hiino\/es\/wp-json\/wp\/v2\/pages\/125\/revisions"}],"predecessor-version":[{"id":26412,"href":"https:\/\/www.mie-c.ed.jp\/hiino\/es\/wp-json\/wp\/v2\/pages\/125\/revisions\/26412"}],"wp:attachment":[{"href":"https:\/\/www.mie-c.ed.jp\/hiino\/es\/wp-json\/wp\/v2\/media?parent=125"}],"curies":[{"name":"wp","href":"https:\/\/api.w.org\/{rel}","templated":true}]}}